{"id":7696,"date":"2026-01-18T14:14:33","date_gmt":"2026-01-18T14:14:33","guid":{"rendered":"https:\/\/cardiologylibrary.com\/?product=ecocardiografia-clinica"},"modified":"2026-01-18T16:13:40","modified_gmt":"2026-01-18T16:13:40","slug":"ecocardiografia-clinica","status":"publish","type":"product","link":"https:\/\/cardiologylibrary.com\/?product=ecocardiografia-clinica","title":{"rendered":"Ecocardiografia Cl\u00ednica"},"content":{"rendered":"<div>Este livro, constantemente atualizado, continua sendo uma refer\u00eancia essencial para o aprendizado e a pr\u00e1tica da Ecocardiografia. Aborda, de maneira muito did\u00e1tica, as bases fundamentais para o uso da ecocardiografia e sua aplica\u00e7\u00e3o para as principais patologias cardiovasculares encontradas na pr\u00e1tica cotidiana. Esta S\u00e9tima Edi\u00e7\u00e3o foi enriquecida com a inclus\u00e3o de m\u00e9todos e t\u00e9cnicas aperfei\u00e7oados e validados, bem como por novas figuras, incluindo pain\u00e9is com imagens de \u00faltima gera\u00e7\u00e3o.<\/div>\n","protected":false},"excerpt":{"rendered":"<p>Este livro, constantemente atualizado, continua sendo uma refer\u00eancia essencial para o aprendizado e a pr\u00e1tica da Ecocardiografia. Aborda, de maneira muito did\u00e1tica, as bases fundamentais para o uso da ecocardiografia e sua aplica\u00e7\u00e3o para as principais patologias cardiovasculares encontradas na pr\u00e1tica cotidiana. Esta S\u00e9tima Edi\u00e7\u00e3o foi enriquecida com a inclus\u00e3o de m\u00e9todos e t\u00e9cnicas aperfei\u00e7oados [&hellip;]<\/p>\n","protected":false},"featured_media":7695,"comment_status":"open","ping_status":"closed","template":"","meta":[],"product_brand":[],"product_cat":[65],"product_tag":[],"class_list":{"0":"post-7696","1":"product","2":"type-product","3":"status-publish","4":"has-post-thumbnail","6":"product_cat-cardiology","8":"first","9":"instock","10":"sale","11":"downloadable","12":"virtual","13":"purchasable","14":"product-type-simple"},"_links":{"self":[{"href":"https:\/\/cardiologylibrary.com\/index.php?rest_route=\/wp\/v2\/product\/7696","targetHints":{"allow":["GET"]}}],"collection":[{"href":"https:\/\/cardiologylibrary.com\/index.php?rest_route=\/wp\/v2\/product"}],"about":[{"href":"https:\/\/cardiologylibrary.com\/index.php?rest_route=\/wp\/v2\/types\/product"}],"replies":[{"embeddable":true,"href":"https:\/\/cardiologylibrary.com\/index.php?rest_route=%2Fwp%2Fv2%2Fcomments&post=7696"}],"wp:featuredmedia":[{"embeddable":true,"href":"https:\/\/cardiologylibrary.com\/index.php?rest_route=\/wp\/v2\/media\/7695"}],"wp:attachment":[{"href":"https:\/\/cardiologylibrary.com\/index.php?rest_route=%2Fwp%2Fv2%2Fmedia&parent=7696"}],"wp:term":[{"taxonomy":"product_brand","embeddable":true,"href":"https:\/\/cardiologylibrary.com\/index.php?rest_route=%2Fwp%2Fv2%2Fproduct_brand&post=7696"},{"taxonomy":"product_cat","embeddable":true,"href":"https:\/\/cardiologylibrary.com\/index.php?rest_route=%2Fwp%2Fv2%2Fproduct_cat&post=7696"},{"taxonomy":"product_tag","embeddable":true,"href":"https:\/\/cardiologylibrary.com\/index.php?rest_route=%2Fwp%2Fv2%2Fproduct_tag&post=7696"}],"curies":[{"name":"wp","href":"https:\/\/api.w.org\/{rel}","templated":true}]}}