{"id":7702,"date":"2026-01-18T16:18:54","date_gmt":"2026-01-18T16:18:54","guid":{"rendered":"https:\/\/cardiologylibrary.com\/?post_type=product&#038;p=7702"},"modified":"2026-01-18T16:48:52","modified_gmt":"2026-01-18T16:48:52","slug":"ecografia-a-pie-de-cama-fundamentos-de-la-ecografia-clinica","status":"publish","type":"product","link":"https:\/\/cardiologylibrary.com\/?product=ecografia-a-pie-de-cama-fundamentos-de-la-ecografia-clinica","title":{"rendered":"Ecograf\u00eda a pie de cama: Fundamentos de la ecograf\u00eda cl\u00ednica"},"content":{"rendered":"<div id=\"bookDescription_feature_div\" class=\"celwidget\" data-feature-name=\"bookDescription\" data-csa-c-type=\"widget\" data-csa-c-content-id=\"bookDescription\" data-csa-c-slot-id=\"bookDescription_feature_div\" data-csa-c-asin=\"\" data-csa-c-is-in-initial-active-row=\"false\" data-csa-c-id=\"qkpvyr-gu7ngh-23lw3t-qm5cy3\" data-cel-widget=\"bookDescription_feature_div\">\n<div class=\"a-expander-collapsed-height a-row a-expander-container a-spacing-base a-expander-partial-collapse-container\" data-a-expander-name=\"book_description_expander\" data-a-expander-collapsed-height=\"280\">\n<div class=\"a-expander-content a-expander-partial-collapse-content\" data-expanded=\"false\">Ecograf\u00eda a pie de cama. Fundamentos de la ecograf\u00eda cl\u00ednica es un libro de referencia internacional en esta \u00e1rea de la Medicina. Prueba de ello es el galard\u00f3n que recibi\u00f3 por la British Medical Association con el reconocimiento President\u2019s Choice Award y Highly Commended in Internal Medicine. La obra ofrece una cobertura detallada de los principios y de las amplias aplicaciones de la ecograf\u00eda a pie de cama para los profesionales de cualquier disciplina o entorno cl\u00ednico. Cada uno de los cap\u00edtulos est\u00e1 escrito por expertos que dominan a la perfecci\u00f3n cada uno de los temas abordados y que sintetizan los aspectos clave de la t\u00e9cnica y destacan con claridad los puntos clave, los aspectos conflictivos y las causas m\u00e1s frecuentes de error. En esta segunda edici\u00f3n se a\u00f1aden seis nuevos cap\u00edtulos sobre hemodin\u00e1mica, ecocardiograf\u00eda transesof\u00e1gica, ecograf\u00eda del segundo y tercer trimestres de embarazo, pediatr\u00eda, neonatolog\u00eda y ecograf\u00eda transcraneal, cubriendo as\u00ed la mayor\u00eda de las aplicaciones relacionadas con la ecograf\u00eda cl\u00ednica. Igualmente se han a\u00f1adido nuevos casos cl\u00ednicos y preguntas de repaso para hacer hincapi\u00e9 en los puntos clave de aprendizaje de cada uno de los cap\u00edtulos. El n\u00famero de v\u00eddeos en esta nueva edici\u00f3n supera los 1.000, lo que supone uno de los puntos fuertes de la obra. Dichos v\u00eddeos muestran hallazgos ecogr\u00e1ficos normales y patol\u00f3gicos y est\u00e1n disponibles online en ingl\u00e9s, al igual que las preguntas.<\/div>\n<\/div>\n<\/div>\n<div id=\"hushpuppyUpsell_feature_div\" class=\"celwidget\" data-feature-name=\"hushpuppyUpsell\" data-csa-c-type=\"widget\" data-csa-c-content-id=\"hushpuppyUpsell\" data-csa-c-slot-id=\"hushpuppyUpsell_feature_div\" data-csa-c-asin=\"\" data-csa-c-is-in-initial-active-row=\"false\" data-csa-c-id=\"6msbxe-28rvy8-ee87ft-9lrzkf\" data-cel-widget=\"hushpuppyUpsell_feature_div\"><\/div>\n<div id=\"richProductInformation_feature_div\" class=\"celwidget\" data-feature-name=\"richProductInformation\" data-csa-c-type=\"widget\" data-csa-c-content-id=\"richProductInformation\" data-csa-c-slot-id=\"richProductInformation_feature_div\" data-csa-c-asin=\"\" data-csa-c-is-in-initial-active-row=\"false\" data-csa-c-id=\"atl42-jsaabt-i6tnua-b203wf\" data-cel-widget=\"richProductInformation_feature_div\">\n<div id=\"rich_product_information\" class=\"a-section a-spacing-none celwidget\" data-csa-c-id=\"e8hj1n-61wkqq-us8jn2-wg7x9d\" data-cel-widget=\"rich_product_information\"><\/div>\n<\/div>\n","protected":false},"excerpt":{"rendered":"<p>Ecograf\u00eda a pie de cama. Fundamentos de la ecograf\u00eda cl\u00ednica es un libro de referencia internacional en esta \u00e1rea de la Medicina. Prueba de ello es el galard\u00f3n que recibi\u00f3 por la British Medical Association con el reconocimiento President\u2019s Choice Award y Highly Commended in Internal Medicine. La obra ofrece una cobertura detallada de los [&hellip;]<\/p>\n","protected":false},"featured_media":7703,"comment_status":"open","ping_status":"closed","template":"","meta":[],"product_brand":[],"product_cat":[69],"product_tag":[],"class_list":{"0":"post-7702","1":"product","2":"type-product","3":"status-publish","4":"has-post-thumbnail","6":"product_cat-cardiologia","8":"first","9":"instock","10":"sale","11":"downloadable","12":"virtual","13":"purchasable","14":"product-type-simple"},"_links":{"self":[{"href":"https:\/\/cardiologylibrary.com\/index.php?rest_route=\/wp\/v2\/product\/7702","targetHints":{"allow":["GET"]}}],"collection":[{"href":"https:\/\/cardiologylibrary.com\/index.php?rest_route=\/wp\/v2\/product"}],"about":[{"href":"https:\/\/cardiologylibrary.com\/index.php?rest_route=\/wp\/v2\/types\/product"}],"replies":[{"embeddable":true,"href":"https:\/\/cardiologylibrary.com\/index.php?rest_route=%2Fwp%2Fv2%2Fcomments&post=7702"}],"wp:featuredmedia":[{"embeddable":true,"href":"https:\/\/cardiologylibrary.com\/index.php?rest_route=\/wp\/v2\/media\/7703"}],"wp:attachment":[{"href":"https:\/\/cardiologylibrary.com\/index.php?rest_route=%2Fwp%2Fv2%2Fmedia&parent=7702"}],"wp:term":[{"taxonomy":"product_brand","embeddable":true,"href":"https:\/\/cardiologylibrary.com\/index.php?rest_route=%2Fwp%2Fv2%2Fproduct_brand&post=7702"},{"taxonomy":"product_cat","embeddable":true,"href":"https:\/\/cardiologylibrary.com\/index.php?rest_route=%2Fwp%2Fv2%2Fproduct_cat&post=7702"},{"taxonomy":"product_tag","embeddable":true,"href":"https:\/\/cardiologylibrary.com\/index.php?rest_route=%2Fwp%2Fv2%2Fproduct_tag&post=7702"}],"curies":[{"name":"wp","href":"https:\/\/api.w.org\/{rel}","templated":true}]}}