{"id":7705,"date":"2026-01-18T16:22:07","date_gmt":"2026-01-18T16:22:07","guid":{"rendered":"https:\/\/cardiologylibrary.com\/?post_type=product&#038;p=7705"},"modified":"2026-01-18T16:22:07","modified_gmt":"2026-01-18T16:22:07","slug":"ecocardiografia-fetal","status":"publish","type":"product","link":"https:\/\/cardiologylibrary.com\/?product=ecocardiografia-fetal","title":{"rendered":"Ecocardiograf\u00eda fetal"},"content":{"rendered":"<p>\u2013 La primera parte del libro presenta las bases embriol\u00f3gicas, anat\u00f3micas y fisiol\u00f3gicas que permiten comprender el coraz\u00f3n fetal normal y patol\u00f3gico.<br \/>\n\u2013 La segunda aborda los aspectos t\u00e9cnicos y metodol\u00f3gicos de la exploraci\u00f3n ecocardiogr\u00e1fica y describe las im\u00e1genes inhabituales, que son elementos de alerta para la detecci\u00f3n de las malformaciones.<br \/>\n\u2013 La tercera parte se dedica al estudio especializado de las cardiopat\u00edas, con una descripci\u00f3n de todos los elementos del diagn\u00f3stico y del pron\u00f3stico.<br \/>\n\u2013 La obra, ilustrada con una iconograf\u00eda profusa y representativa, presenta un contenido sint\u00e9tico y eficaz con el fin de convertirla en una herramienta indispensable para todos los ecografistas (obstetras, radi\u00f3logos, matronas, cardiopediatras o neonat\u00f3logos). La ecograf\u00eda del coraz\u00f3n es una parte importante de la exploraci\u00f3n ecogr\u00e1fica del feto, pues las cardiacas son una de las malformaciones cong\u00e9nitas m\u00e1s frecuentes que pueden detectarse antes del nacimiento. Este libro propone un aprendizaje paso a paso indispensable para dominar esta compleja t\u00e9cnica.<\/p>\n","protected":false},"excerpt":{"rendered":"<p>\u2013 La primera parte del libro presenta las bases embriol\u00f3gicas, anat\u00f3micas y fisiol\u00f3gicas que permiten comprender el coraz\u00f3n fetal normal y patol\u00f3gico. \u2013 La segunda aborda los aspectos t\u00e9cnicos y metodol\u00f3gicos de la exploraci\u00f3n ecocardiogr\u00e1fica y describe las im\u00e1genes inhabituales, que son elementos de alerta para la detecci\u00f3n de las malformaciones. \u2013 La tercera parte [&hellip;]<\/p>\n","protected":false},"featured_media":7706,"comment_status":"open","ping_status":"closed","template":"","meta":[],"product_brand":[],"product_cat":[69],"product_tag":[],"class_list":{"0":"post-7705","1":"product","2":"type-product","3":"status-publish","4":"has-post-thumbnail","6":"product_cat-cardiologia","8":"first","9":"instock","10":"sale","11":"downloadable","12":"virtual","13":"purchasable","14":"product-type-simple"},"_links":{"self":[{"href":"https:\/\/cardiologylibrary.com\/index.php?rest_route=\/wp\/v2\/product\/7705","targetHints":{"allow":["GET"]}}],"collection":[{"href":"https:\/\/cardiologylibrary.com\/index.php?rest_route=\/wp\/v2\/product"}],"about":[{"href":"https:\/\/cardiologylibrary.com\/index.php?rest_route=\/wp\/v2\/types\/product"}],"replies":[{"embeddable":true,"href":"https:\/\/cardiologylibrary.com\/index.php?rest_route=%2Fwp%2Fv2%2Fcomments&post=7705"}],"wp:featuredmedia":[{"embeddable":true,"href":"https:\/\/cardiologylibrary.com\/index.php?rest_route=\/wp\/v2\/media\/7706"}],"wp:attachment":[{"href":"https:\/\/cardiologylibrary.com\/index.php?rest_route=%2Fwp%2Fv2%2Fmedia&parent=7705"}],"wp:term":[{"taxonomy":"product_brand","embeddable":true,"href":"https:\/\/cardiologylibrary.com\/index.php?rest_route=%2Fwp%2Fv2%2Fproduct_brand&post=7705"},{"taxonomy":"product_cat","embeddable":true,"href":"https:\/\/cardiologylibrary.com\/index.php?rest_route=%2Fwp%2Fv2%2Fproduct_cat&post=7705"},{"taxonomy":"product_tag","embeddable":true,"href":"https:\/\/cardiologylibrary.com\/index.php?rest_route=%2Fwp%2Fv2%2Fproduct_tag&post=7705"}],"curies":[{"name":"wp","href":"https:\/\/api.w.org\/{rel}","templated":true}]}}