{"id":7707,"date":"2026-01-18T16:28:34","date_gmt":"2026-01-18T16:28:34","guid":{"rendered":"https:\/\/cardiologylibrary.com\/?post_type=product&#038;p=7707"},"modified":"2026-01-18T16:28:34","modified_gmt":"2026-01-18T16:28:34","slug":"kaplan-anestesia-en-cirugia-cardiaca","status":"publish","type":"product","link":"https:\/\/cardiologylibrary.com\/?product=kaplan-anestesia-en-cirugia-cardiaca","title":{"rendered":"Kaplan. Anestesia en cirug\u00eda cardiaca"},"content":{"rendered":"<div id=\"bookDescription_feature_div\" class=\"celwidget\" data-feature-name=\"bookDescription\" data-csa-c-type=\"widget\" data-csa-c-content-id=\"bookDescription\" data-csa-c-slot-id=\"bookDescription_feature_div\" data-csa-c-asin=\"\" data-csa-c-is-in-initial-active-row=\"false\" data-csa-c-id=\"4rhzez-r4hpqd-xispw1-gwkn63\" data-cel-widget=\"bookDescription_feature_div\">\n<div class=\"a-expander-collapsed-height a-row a-expander-container a-spacing-base a-expander-partial-collapse-container\" data-a-expander-name=\"book_description_expander\" data-a-expander-collapsed-height=\"280\">\n<div class=\"a-expander-content a-expander-partial-collapse-content\" data-expanded=\"false\">La obra Kaplan. Anestesia en cirug\u00eda cardiaca recoge toda aquella informaci\u00f3n indispensable para mejorar el tratamiento anest\u00e9sico en pacientes con cardiopat\u00edas que vayan a someterse a una cirug\u00eda card\u00edaca o incluso a otros procedimientos quir\u00fargicos no card\u00edacos. Todos los cap\u00edtulos se han redactado por expertos en cada campo y el contenido se ha coordinado para maximizar su valor cl\u00ednico. Por ello, se ha integrado informaci\u00f3n procedente de \u00e1reas tan diversas como la anestesiolog\u00eda, cardiolog\u00eda, cirug\u00eda card\u00edaca, cuidados cr\u00edticos y farmacolog\u00eda cl\u00ednica. La obra incluye varias ayudas did\u00e1cticas que destaca la informaci\u00f3n cl\u00ednica m\u00e1s relevante; cuadros did\u00e1cticos en los que se incluyen \u201cconclusiones pr\u00e1cticas, puntos clave al principio de cada cap\u00edtulos y una reducci\u00f3n significativa de referencias centr\u00e1ndose \u00fanicamente en aquellos art\u00edculos clave. El \u00edndice de contenidos se organiza en seis secciones a trav\u00e9s de las cuales se actualiza informaci\u00f3n sobre el uso de la ecocardiograf\u00eda en la anestesia card\u00edaca, se incluyen nuevos temas como los procedimientos de v\u00e1lvulas percut\u00e1neas, desfibriladores internos autom\u00e1ticos utilizados para la terapia de resincronizaci\u00f3n cardiaca y otras cuestiones relacionadas con la seguridad del paciente.<\/div>\n<\/div>\n<\/div>\n","protected":false},"excerpt":{"rendered":"<p>La obra Kaplan. Anestesia en cirug\u00eda cardiaca recoge toda aquella informaci\u00f3n indispensable para mejorar el tratamiento anest\u00e9sico en pacientes con cardiopat\u00edas que vayan a someterse a una cirug\u00eda card\u00edaca o incluso a otros procedimientos quir\u00fargicos no card\u00edacos. Todos los cap\u00edtulos se han redactado por expertos en cada campo y el contenido se ha coordinado para [&hellip;]<\/p>\n","protected":false},"featured_media":7708,"comment_status":"open","ping_status":"closed","template":"","meta":[],"product_brand":[],"product_cat":[69],"product_tag":[],"class_list":{"0":"post-7707","1":"product","2":"type-product","3":"status-publish","4":"has-post-thumbnail","6":"product_cat-cardiologia","8":"first","9":"instock","10":"sale","11":"downloadable","12":"virtual","13":"purchasable","14":"product-type-simple"},"_links":{"self":[{"href":"https:\/\/cardiologylibrary.com\/index.php?rest_route=\/wp\/v2\/product\/7707","targetHints":{"allow":["GET"]}}],"collection":[{"href":"https:\/\/cardiologylibrary.com\/index.php?rest_route=\/wp\/v2\/product"}],"about":[{"href":"https:\/\/cardiologylibrary.com\/index.php?rest_route=\/wp\/v2\/types\/product"}],"replies":[{"embeddable":true,"href":"https:\/\/cardiologylibrary.com\/index.php?rest_route=%2Fwp%2Fv2%2Fcomments&post=7707"}],"wp:featuredmedia":[{"embeddable":true,"href":"https:\/\/cardiologylibrary.com\/index.php?rest_route=\/wp\/v2\/media\/7708"}],"wp:attachment":[{"href":"https:\/\/cardiologylibrary.com\/index.php?rest_route=%2Fwp%2Fv2%2Fmedia&parent=7707"}],"wp:term":[{"taxonomy":"product_brand","embeddable":true,"href":"https:\/\/cardiologylibrary.com\/index.php?rest_route=%2Fwp%2Fv2%2Fproduct_brand&post=7707"},{"taxonomy":"product_cat","embeddable":true,"href":"https:\/\/cardiologylibrary.com\/index.php?rest_route=%2Fwp%2Fv2%2Fproduct_cat&post=7707"},{"taxonomy":"product_tag","embeddable":true,"href":"https:\/\/cardiologylibrary.com\/index.php?rest_route=%2Fwp%2Fv2%2Fproduct_tag&post=7707"}],"curies":[{"name":"wp","href":"https:\/\/api.w.org\/{rel}","templated":true}]}}