{"id":7758,"date":"2026-02-03T01:38:06","date_gmt":"2026-02-03T01:38:06","guid":{"rendered":"https:\/\/cardiologylibrary.com\/?post_type=product&#038;p=7758"},"modified":"2026-02-03T01:38:06","modified_gmt":"2026-02-03T01:38:06","slug":"atlas-de-ecocardiografia-fetal","status":"publish","type":"product","link":"https:\/\/cardiologylibrary.com\/?product=atlas-de-ecocardiografia-fetal","title":{"rendered":"Atlas de Ecocardiografia Fetal"},"content":{"rendered":"<p>Atlas de ecocardiografia fetal e seguimento pr\u00e9-natal ricamente ilustrado, com v\u00eddeos e imagens de alt\u00edssima qualidade. Diagn\u00f3stico fetal acurado das CC e seguimento pr\u00e9-natal, atrav\u00e9s da avalia\u00e7\u00e3o por US<br \/>\ncard\u00edaca\/ecocardiografia fetal correlacionadas com sua aplicabilidade cl\u00ednica.<br \/>\nEsta primeira edi\u00e7\u00e3o do Atlas de Ecocardiografia Fetal \u00e9 o resultado do amplo conhecimento de especialistas na \u00e1rea de cardiologia fetal. O objetivo da obra \u00e9 fornecer informa\u00e7\u00f5es did\u00e1ticas e pr\u00e1ticas para a detec\u00e7\u00e3o pr\u00e9-natal das cardiopatias cong\u00eanitas (CC), atrav\u00e9s da avalia\u00e7\u00e3o por ultrassonografia (US) card\u00edaca\/ecocardiografia fetal correlacionadas com sua aplicabilidade cl\u00ednica. Al\u00e9m disto, apresenta diversas t\u00e9cnicas pela US com e sem Doppler para avalia\u00e7\u00e3o detalhada do ritmo e da fun\u00e7\u00e3o card\u00edaca fetal.<br \/>\nRicamente ilustrado, com uma colet\u00e2nea de imagens de ecocardiogramas fetais de alt\u00edssima qualidade, possui como diferencial um vasto arquivo de v\u00eddeos did\u00e1ticos, nos quais o leitor poder\u00e1 acessar imagens din\u00e2micas do cora\u00e7\u00e3o fetal normal e de uma variedade de exemplos das diversas CC, desde as mais frequentes at\u00e9 as mais raras e complexas.<br \/>\nOs cap\u00edtulos foram cuidadosamente selecionados, adicionados e divididos, considerando t\u00f3picos em ecocardiografia fetal: cora\u00e7\u00e3o normal, ecocardiograma fetal precoce, septo interatrial, canal arterial (ductus arteriosus) e uma grande variedade de CC. Os t\u00f3picos relacionados \u00e0s CC foram divididos em: anormalidades de posi\u00e7\u00e3o card\u00edaca e do situs, defeitos septais, malforma\u00e7\u00f5es obstrutivas direitas e esquerdas, anomalias conotruncais, anormalidades do arco a\u00f3rtico, malforma\u00e7\u00f5es da valva tric\u00faspide, conex\u00e3o atrioventricular univentricular (fisiologia de \u201cventr\u00edculo \u00fanico\u201d), doen\u00e7as do mioc\u00e1rdio e do peric\u00e1rdio, tumores card\u00edacos fetais, anomalias vasculares (\u201canel vascular\u201d) e raras. Tamb\u00e9m s\u00e3o descritas diversas t\u00e9cnicas para avalia\u00e7\u00e3o da fun\u00e7\u00e3o card\u00edaca e do ritmo card\u00edaco fetal. Os anexos apresentam modelo para laudo de ecocardiograma, locais onde realizar as medidas das principais estruturas card\u00edacas e tabela com doses das medica\u00e7\u00f5es mais utilizadas intra\u00fatero, para o tratamento de arritmias.<br \/>\nDe leitura f\u00e1cil, pr\u00e1tica e did\u00e1tica, possibilita o diagn\u00f3stico fetal acurado e o seguimento pr\u00e9-natal com foco no detalhamento da imagem card\u00edaca pela ultrassonografia e ecocardiografia. Destina-se a um vasto grupo de profissionais, tais como cardiologistas pedi\u00e1tricos, ecocardiografistas, ultrassonografistas obst\u00e9tricos, fet\u00f3logos e outros.<\/p>\n","protected":false},"excerpt":{"rendered":"<p>Atlas de ecocardiografia fetal e seguimento pr\u00e9-natal ricamente ilustrado, com v\u00eddeos e imagens de alt\u00edssima qualidade. Diagn\u00f3stico fetal acurado das CC e seguimento pr\u00e9-natal, atrav\u00e9s da avalia\u00e7\u00e3o por US card\u00edaca\/ecocardiografia fetal correlacionadas com sua aplicabilidade cl\u00ednica. Esta primeira edi\u00e7\u00e3o do Atlas de Ecocardiografia Fetal \u00e9 o resultado do amplo conhecimento de especialistas na \u00e1rea de [&hellip;]<\/p>\n","protected":false},"featured_media":7759,"comment_status":"open","ping_status":"closed","template":"","meta":[],"product_brand":[],"product_cat":[69],"product_tag":[],"class_list":{"0":"post-7758","1":"product","2":"type-product","3":"status-publish","4":"has-post-thumbnail","6":"product_cat-cardiologia","8":"first","9":"instock","10":"sale","11":"downloadable","12":"virtual","13":"purchasable","14":"product-type-simple"},"_links":{"self":[{"href":"https:\/\/cardiologylibrary.com\/index.php?rest_route=\/wp\/v2\/product\/7758","targetHints":{"allow":["GET"]}}],"collection":[{"href":"https:\/\/cardiologylibrary.com\/index.php?rest_route=\/wp\/v2\/product"}],"about":[{"href":"https:\/\/cardiologylibrary.com\/index.php?rest_route=\/wp\/v2\/types\/product"}],"replies":[{"embeddable":true,"href":"https:\/\/cardiologylibrary.com\/index.php?rest_route=%2Fwp%2Fv2%2Fcomments&post=7758"}],"wp:featuredmedia":[{"embeddable":true,"href":"https:\/\/cardiologylibrary.com\/index.php?rest_route=\/wp\/v2\/media\/7759"}],"wp:attachment":[{"href":"https:\/\/cardiologylibrary.com\/index.php?rest_route=%2Fwp%2Fv2%2Fmedia&parent=7758"}],"wp:term":[{"taxonomy":"product_brand","embeddable":true,"href":"https:\/\/cardiologylibrary.com\/index.php?rest_route=%2Fwp%2Fv2%2Fproduct_brand&post=7758"},{"taxonomy":"product_cat","embeddable":true,"href":"https:\/\/cardiologylibrary.com\/index.php?rest_route=%2Fwp%2Fv2%2Fproduct_cat&post=7758"},{"taxonomy":"product_tag","embeddable":true,"href":"https:\/\/cardiologylibrary.com\/index.php?rest_route=%2Fwp%2Fv2%2Fproduct_tag&post=7758"}],"curies":[{"name":"wp","href":"https:\/\/api.w.org\/{rel}","templated":true}]}}